{"id":517,"date":"2019-07-09T21:04:51","date_gmt":"2019-07-09T18:04:51","guid":{"rendered":"http:\/\/kippeemummo.net\/?page_id=517"},"modified":"2019-07-10T19:53:02","modified_gmt":"2019-07-10T16:53:02","slug":"keita-me-olemme","status":"publish","type":"page","link":"https:\/\/kippeemummo.net\/?page_id=517","title":{"rendered":"Meist\u00e4"},"content":{"rendered":"\n<p>N\u00e4inkin voi blogin aloittaa. Ensin kertyy nurkkiin omia ja sukulaisten papereita ja valokuvia, joista ei kohta tied\u00e4, mihin ne kuuluvat ja ket\u00e4 esitt\u00e4v\u00e4t. Muistissa on tarinanp\u00e4tk\u00e4 sielt\u00e4 ja t\u00e4\u00e4lt\u00e4, mutta juoni jotenkin puuttuu.  Sitten katoaa porukkaa ymp\u00e4rilt\u00e4 ja miettii, katoaako my\u00f6s. suvun historia ja tarinat heid\u00e4n mukanaan. On siis pakko kirjoittaa ja yritt\u00e4\u00e4 liitt\u00e4\u00e4 tarinat ajan kulkuun.<\/p>\n\n\n\n<p>Pirjon sukuja ovat Hynninen-suku Mulosta ja Marienberg\/Ahola-suku Orimattilasta sek\u00e4 Simonen-suku Tohmaj\u00e4rvelt\u00e4.<\/p>\n\n\n\n<p>Juhan sukuja ovat mm.  Ekman-suku Kristiinankaupungista, Holma ja Roos -suvut Tampereelta, Maunu -suku Kangasalta, Pirinen -suku Enosta.<\/p>\n\n\n\n<p>Sukupuut l\u00f6ytyv\u00e4t <a href=\"https:\/\/www.myheritage.fi\/site-551703401\/hynnisen-ja-holman-sukujen-verkkosivusto\">t\u00e4\u00e4lt\u00e4<\/a>.<\/p>\n\n\n\n<p>Pirjo Hynninen, Tampere<br>Juha Holma, Tampere<\/p>\n\n\n\n<p>S\u00e4hk\u00f6postiosoite: kirjoittajat@kippeemummo.net<\/p>\n","protected":false},"excerpt":{"rendered":"<p>N\u00e4inkin voi blogin aloittaa. Ensin kertyy nurkkiin omia ja sukulaisten papereita ja valokuvia, joista ei&#8230;<\/p>\n<div class=\"more-link-wrapper\"><a class=\"more-link\" href=\"https:\/\/kippeemummo.net\/?page_id=517\">Lue tarina<span class=\"screen-reader-text\">Meist\u00e4<\/span><\/a><\/div>\n","protected":false},"author":1,"featured_media":0,"parent":0,"menu_order":0,"comment_status":"closed","ping_status":"closed","template":"","meta":{"_exactmetrics_skip_tracking":false,"_exactmetrics_sitenote_active":false,"_exactmetrics_sitenote_note":"","_exactmetrics_sitenote_category":0,"footnotes":""},"class_list":["post-517","page","type-page","status-publish","hentry","excerpt","zoom","even","excerpt-0"],"_links":{"self":[{"href":"https:\/\/kippeemummo.net\/index.php?rest_route=\/wp\/v2\/pages\/517","targetHints":{"allow":["GET"]}}],"collection":[{"href":"https:\/\/kippeemummo.net\/index.php?rest_route=\/wp\/v2\/pages"}],"about":[{"href":"https:\/\/kippeemummo.net\/index.php?rest_route=\/wp\/v2\/types\/page"}],"author":[{"embeddable":true,"href":"https:\/\/kippeemummo.net\/index.php?rest_route=\/wp\/v2\/users\/1"}],"replies":[{"embeddable":true,"href":"https:\/\/kippeemummo.net\/index.php?rest_route=%2Fwp%2Fv2%2Fcomments&post=517"}],"version-history":[{"count":9,"href":"https:\/\/kippeemummo.net\/index.php?rest_route=\/wp\/v2\/pages\/517\/revisions"}],"predecessor-version":[{"id":602,"href":"https:\/\/kippeemummo.net\/index.php?rest_route=\/wp\/v2\/pages\/517\/revisions\/602"}],"wp:attachment":[{"href":"https:\/\/kippeemummo.net\/index.php?rest_route=%2Fwp%2Fv2%2Fmedia&parent=517"}],"curies":[{"name":"wp","href":"https:\/\/api.w.org\/{rel}","templated":true}]}}